{"id":6135,"date":"2019-03-11T22:14:42","date_gmt":"2019-03-12T02:14:42","guid":{"rendered":"http:\/\/naturalook.ca\/?page_id=6135"},"modified":"2019-03-12T14:45:52","modified_gmt":"2019-03-12T18:45:52","slug":"livraison","status":"publish","type":"page","link":"https:\/\/naturalook.ca\/fr\/livraison\/","title":{"rendered":"Livraison"},"content":{"rendered":"\t<section class=\"section has-parallax\" id=\"section_54691751\">\n\t\t<div class=\"bg section-bg fill bg-fill  \" data-parallax-container=\".section\" data-parallax-background data-parallax=\"-6\">\n\n\t\t\t\n\t\t\t\n\t\t\t\n\n\t\t<\/div><!-- .section-bg -->\n\n\t\t<div class=\"section-content relative\">\n\t\t\t\n\n<div class=\"gap-element clearfix\" style=\"display:block; height:auto; padding-top:30px\"><\/div>\n\n<div class=\"row\"  id=\"row-1137126551\">\n\n<div class=\"col small-12 large-12\"  ><div class=\"col-inner box-shadow-3\"  >\n\n\n  <div class=\"banner has-hover\" id=\"banner-1881870601\">\n          <div class=\"banner-inner fill\">\n        <div class=\"banner-bg fill\" >\n            <div class=\"bg fill bg-fill \"><\/div>\n                                    \n                    <\/div><!-- bg-layers -->\n        <div class=\"banner-layers container\">\n            <div class=\"fill banner-link\"><\/div>            \n\n   <div id=\"text-box-314889633\" class=\"text-box banner-layer x50 md-x5 lg-x5 y5 md-y5 lg-y5 res-text\">\n                                <div class=\"text \">\n              \n              <div class=\"text-inner text-center\">\n                  \n\n<div class=\"gap-element clearfix\" style=\"display:block; height:auto; padding-top:15px\"><\/div>\n\n<h3 class=\"uppercase\"><span style=\"font-size: 85%;\"><strong>Avez-vous des questions? Contactez nous!<\/strong><\/span><\/h3>\n<p>Si apr\u00e8s 24 heures vous n\u2019avez toujours pas re\u00e7u d\u2019e-mail de Naturalook, on vous invite \u00e0 regarder dans votre dossier spams\/courriers ind\u00e9sirables.<\/p>\n<p>Pour \u00eatre s\u00fbr de recevoir la correspondance de Naturalook, nous vous conseillons d\u2019ajouter notre adresse (info@naturalook.ca) \u00e0 votre carnet d\u2019adresse ou \u00e0 votre liste d\u2019adresses autoris\u00e9es.<\/p>\n<div class=\"social-icons follow-icons\" ><a href=\"http:\/\/www.instagram.com\/naturalook_european_hair\/\" target=\"_blank\" rel=\"noopener noreferrer nofollow\" data-label=\"Instagram\" class=\"icon plain  instagram tooltip\" title=\"Nous suivre sur Instagram\"><i class=\"icon-instagram\" ><\/i><\/a><a href=\"mailto:info@naturalook.ca\" data-label=\"E-mail\"  rel=\"nofollow\" class=\"icon plain  email tooltip\" title=\"Nous envoyer un email\"><i class=\"icon-envelop\" ><\/i><\/a><a href=\"tel:514-446-4868\" target=\"_blank\"  data-label=\"Phone\"  rel=\"noopener noreferrer nofollow\" class=\"icon plain  phone tooltip\" title=\"Call us\"><i class=\"icon-phone\" ><\/i><\/a><\/div>\n\n\n              <\/div>\n           <\/div><!-- text-box-inner -->\n                            \n<style scope=\"scope\">\n\n#text-box-314889633 {\n  width: 69%;\n}\n#text-box-314889633 .text {\n  font-size: 100%;\n}\n\n\n@media (min-width:550px) {\n\n  #text-box-314889633 {\n    width: 45%;\n  }\n\n}\n<\/style>\n    <\/div><!-- text-box -->\n \n   <div id=\"text-box-279977227\" class=\"text-box banner-layer x50 md-x90 lg-x90 y95 md-y50 lg-y50 res-text\">\n                                <div class=\"text \">\n              \n              <div class=\"text-inner text-left\">\n                  \n\n<div class=\"gap-element clearfix\" style=\"display:block; height:auto; padding-top:50px\"><\/div>\n\n<div role=\"form\" class=\"wpcf7\" id=\"wpcf7-f4818-o1\" lang=\"en-US\" dir=\"ltr\">\n<div class=\"screen-reader-response\"><p role=\"status\" aria-live=\"polite\" aria-atomic=\"true\"><\/p> <ul><\/ul><\/div>\n<form action=\"\/fr\/wp-json\/wp\/v2\/pages\/6135#wpcf7-f4818-o1\" method=\"post\" class=\"wpcf7-form init\" novalidate=\"novalidate\" data-status=\"init\">\n<div style=\"display: none;\">\n<input type=\"hidden\" name=\"_wpcf7\" value=\"4818\" \/>\n<input type=\"hidden\" name=\"_wpcf7_version\" value=\"5.6.3\" \/>\n<input type=\"hidden\" name=\"_wpcf7_locale\" value=\"en_US\" \/>\n<input type=\"hidden\" name=\"_wpcf7_unit_tag\" value=\"wpcf7-f4818-o1\" \/>\n<input type=\"hidden\" name=\"_wpcf7_container_post\" value=\"0\" \/>\n<input type=\"hidden\" name=\"_wpcf7_posted_data_hash\" value=\"\" \/>\n<input type=\"hidden\" name=\"_wpcf7_recaptcha_response\" value=\"\" \/>\n<\/div>\n<div class=\"form-flat\">\n<span class=\"wpcf7-form-control-wrap\" data-name=\"your-name\"><input type=\"text\" name=\"your-name\" value=\"\" size=\"40\" class=\"wpcf7-form-control wpcf7-text wpcf7-validates-as-required\" aria-required=\"true\" aria-invalid=\"false\" placeholder=\"Votre nom (obligatoire)\" \/><\/span><\/p>\n<p><span class=\"wpcf7-form-control-wrap\" data-name=\"your-email\"><input type=\"email\" name=\"your-email\" value=\"\" size=\"40\" class=\"wpcf7-form-control wpcf7-text wpcf7-email wpcf7-validates-as-required wpcf7-validates-as-email\" aria-required=\"true\" aria-invalid=\"false\" placeholder=\"Votre courriel (obligatoire)\" \/><\/span> <\/p>\n<p><span class=\"wpcf7-form-control-wrap\" data-name=\"your-message\"><textarea name=\"your-message\" cols=\"40\" rows=\"10\" class=\"wpcf7-form-control wpcf7-textarea wpcf7-validates-as-required\" aria-required=\"true\" aria-invalid=\"false\" placeholder=\"Votre message (obligatoire)\"><\/textarea><\/span> <\/p>\n<p><input type=\"submit\" value=\"Soumettre\" class=\"wpcf7-form-control has-spinner wpcf7-submit button\" \/>\n<\/p><\/div>\n<div class=\"wpcf7-response-output\" aria-hidden=\"true\"><\/div><\/form><\/div>\n\n\n              <\/div>\n           <\/div><!-- text-box-inner -->\n                            \n<style scope=\"scope\">\n\n#text-box-279977227 {\n  width: 75%;\n}\n#text-box-279977227 .text {\n  font-size: 100%;\n}\n\n\n@media (min-width:550px) {\n\n  #text-box-279977227 {\n    width: 36%;\n  }\n\n}\n<\/style>\n    <\/div><!-- text-box -->\n \n\n        <\/div><!-- .banner-layers -->\n      <\/div><!-- .banner-inner -->\n\n            \n<style scope=\"scope\">\n\n#banner-1881870601 {\n  padding-top: 639px;\n  background-color: rgba(255, 255, 255, 0.91);\n}\n\n\n@media (min-width:550px) {\n\n  #banner-1881870601 {\n    padding-top: 383px;\n  }\n\n}\n<\/style>\n  <\/div><!-- .banner -->\n\n\n\n<\/div><\/div>\n\n<\/div>\n\n\t\t<\/div><!-- .section-content -->\n\n\t\t\n<style scope=\"scope\">\n\n#section_54691751 {\n  padding-top: 30px;\n  padding-bottom: 30px;\n}\n#section_54691751 .section-bg.bg-loaded {\n  background-image: url(https:\/\/naturalook.ca\/wp-content\/uploads\/2015\/09\/sexy-hair-wallpaper-1.jpg);\n}\n#section_54691751 .section-bg {\n  background-position: 49% 61%;\n}\n<\/style>\n\t<\/section>\n\t\n<div class=\"gap-element clearfix\" style=\"display:block; height:auto; padding-top:30px\"><\/div>\n<div class=\"container section-title-container\" ><h3 class=\"section-title section-title-center\"><b><\/b><span class=\"section-title-main\" >Nous livrons partout au Canada<\/span><b><\/b><\/h3><\/div><!-- .section-title -->\n<p><img class=\" wp-image-6110 aligncenter\" src=\"http:\/\/naturalook.ca\/wp-content\/uploads\/2019\/03\/Map-Canada-small.png\" alt=\"\" width=\"415\" height=\"402\" srcset=\"https:\/\/naturalook.ca\/wp-content\/uploads\/2019\/03\/Map-Canada-small.png 529w, https:\/\/naturalook.ca\/wp-content\/uploads\/2019\/03\/Map-Canada-small-413x400.png 413w\" sizes=\"(max-width: 415px) 100vw, 415px\" \/><\/p>\n<div class=\"row\"  id=\"row-500084959\">\n<div class=\"col medium-6 small-12 large-6\"  ><div class=\"col-inner\"  >\n<div class=\"gap-element clearfix\" style=\"display:block; height:auto; padding-top:30px\"><\/div>\n\t<div class=\"box has-hover   has-hover box-shadow-2 box-text-bottom\" >\n\n\t\t<div class=\"box-image\" style=\"width:53%;\">\n\t\t\t\t\t\t<div class=\"\" >\n\t\t\t\t\t\t\t\t\t\t\t\t\t\t\t<\/div>\n\t\t\t\t\t<\/div><!-- box-image -->\n\n\t\t<div class=\"box-text text-center\" >\n\t\t\t<div class=\"box-text-inner\">\n\t\t\t\t\n\t<div class=\"img has-hover x md-x lg-x y md-y lg-y\" id=\"image_33439982\">\n\t\t\t\t\t\t\t\t<div class=\"img-inner dark\" >\n\t\t\t<img width=\"288\" height=\"83\" src=\"https:\/\/naturalook.ca\/wp-content\/uploads\/2019\/03\/dicom.png\" class=\"attachment-original size-original\" alt=\"\" \/>\t\t\t\t\t\t\n\t\t\t\t\t<\/div>\n\t\t\t\t\t\t\t\t\n<style scope=\"scope\">\n\n#image_33439982 {\n  width: 45%;\n}\n<\/style>\n\t<\/div>\n\t\n<h4>Les commandes sont exp\u00e9di\u00e9es par Dicom Express:<\/h4>\n<p>Qu\u00e9bec (QC),<br \/>Ontario (ON)<\/p>\n<h5>Livraison en 2-3 jours*<\/h5>\n<p><span style=\"font-size: 90%;\">*Toute commande plac\u00e9e avant 11:00h (du mardi au vendredi) sera envoy\u00e9e<br \/>\nla journ\u00e9e m\u00eame.<\/span><\/p>\n<p><span style=\"font-size: 90%;\"> <\/span><\/p>\n\t\t\t<\/div><!-- box-text-inner -->\n\t\t<\/div><!-- box-text -->\n\t<\/div><!-- .box  -->\n\t\n<\/div><\/div>\n<div class=\"col medium-6 small-12 large-6\"  ><div class=\"col-inner\"  >\n<div class=\"gap-element clearfix\" style=\"display:block; height:auto; padding-top:30px\"><\/div>\n\t<div class=\"box has-hover   has-hover box-shadow-2 box-text-bottom\" >\n\n\t\t<div class=\"box-image\" style=\"width:63%;\">\n\t\t\t\t\t\t<div class=\"\" >\n\t\t\t\t\t\t\t\t\t\t\t\t\t\t\t<\/div>\n\t\t\t\t\t<\/div><!-- box-image -->\n\n\t\t<div class=\"box-text text-center\" >\n\t\t\t<div class=\"box-text-inner\">\n\t\t\t\t\n\t<div class=\"img has-hover x md-x lg-x y md-y lg-y\" id=\"image_296575097\">\n\t\t\t\t\t\t\t\t<div class=\"img-inner dark\" >\n\t\t\t<img width=\"351\" height=\"83\" src=\"https:\/\/naturalook.ca\/wp-content\/uploads\/2019\/03\/post-canada.png\" class=\"attachment-original size-original\" alt=\"\" \/>\t\t\t\t\t\t\n\t\t\t\t\t<\/div>\n\t\t\t\t\t\t\t\t\n<style scope=\"scope\">\n\n#image_296575097 {\n  width: 46%;\n}\n<\/style>\n\t<\/div>\n\t\n<div class=\"gap-element clearfix\" style=\"display:block; height:auto; padding-top:10px\"><\/div>\n<h4>Les commandes sont exp\u00e9di\u00e9es par Postes Canada:<\/h4>\n<p>Alberta (AB),<br \/>\nColombie-Britannique (CB),<br \/>\n\u00cele-du-Prince-\u00c9douard (PE),<br \/>\nManitoba (MB),<br \/>\nNouveau-Brunswick (NB),<br \/>\nNouvelle-\u00c9cosse (NS),<br \/>\nNunavut (NU),<br \/>\nSaskatchewan (SK),<br \/>\nTerre-Neuve-et-Labrador (NL),<br \/>\nTerritoires du Nord-Ouest (NT), <br \/>\nYukon (YT)<\/p>\n<h5>Livraison en 2-8 jours*<\/h5>\n<p><span style=\"font-size: 90%;\">*Toute commande plac\u00e9e avant 11:00h (du mardi au vendredi) sera envoy\u00e9e<br \/>\nla journ\u00e9e m\u00eame.<\/span><\/p>\n\t\t\t<\/div><!-- box-text-inner -->\n\t\t<\/div><!-- box-text -->\n\t<\/div><!-- .box  -->\n\t\n<\/div><\/div>\n<\/div>\n<div class=\"message-box relative dark\" style=\"padding-top:31px;padding-bottom:31px;\"><div class=\"message-box-bg-image bg-fill fill\" ><\/div><div class=\"message-box-bg-overlay bg-fill fill\" ><\/div><div class=\"container relative\"><div class=\"inner last-reset\">\n<div class=\"row align-middle align-center\"  id=\"row-1081473024\">\n<div class=\"col medium-8 small-12 large-8\"  ><div class=\"col-inner\" style=\"margin:0px 0px 10px 0px;\" >\n<p>En ouvrant un compte d\u2019entreprise avec Naturalook, vous aurez acc\u00e8s \u00e0 des prix sp\u00e9ciaux, rabais et promotions sur nos produits d\u2019une qualit\u00e9 exceptionnelle.<\/p>\n<\/div><\/div>\n<div class=\"col medium-3 small-12 large-3\"  ><div class=\"col-inner text-center\"  >\n<a href=\"\/fr\/ouverture-compte-entreprise\/\" target=\"_self\" class=\"button primary is-outline box-shadow-3 expand\"  style=\"border-radius:23px;\">\n    <span>Compte d'entreprise<\/span>\n  <\/a>\n\n<\/div><\/div>\n\n<style scope=\"scope\">\n\n<\/style>\n<\/div>\n<\/div><\/div><\/div>\n<p>&nbsp;<\/p>\n<div class=\"row\"  id=\"row-1448176135\">\n<div class=\"col small-12 large-12\"  ><div class=\"col-inner\"  >\n<div class=\"social-icons share-icons share-row relative\" ><span class=\"share-icons-title\">Partager sur:<\/span><a href=\"whatsapp:\/\/send?text=Livraison - https:\/\/naturalook.ca\/fr\/livraison\/\" data-action=\"share\/whatsapp\/share\" class=\"icon button circle is-outline tooltip whatsapp show-for-medium\" title=\"Share on WhatsApp\"><i class=\"icon-phone\"><\/i><\/a><a href=\"\/\/www.facebook.com\/sharer.php?u=https:\/\/naturalook.ca\/fr\/livraison\/\" data-label=\"Facebook\" onclick=\"window.open(this.href,this.title,'width=500,height=500,top=300px,left=300px');  return false;\" rel=\"noopener noreferrer nofollow\" target=\"_blank\" class=\"icon button circle is-outline tooltip facebook\" title=\"Partager sur Facebook\"><i class=\"icon-facebook\" ><\/i><\/a><a href=\"\/\/twitter.com\/share?url=https:\/\/naturalook.ca\/fr\/livraison\/\" onclick=\"window.open(this.href,this.title,'width=500,height=500,top=300px,left=300px');  return false;\" rel=\"noopener noreferrer nofollow\" target=\"_blank\" class=\"icon button circle is-outline tooltip twitter\" title=\"Partager sur Twitter\"><i class=\"icon-twitter\" ><\/i><\/a><a href=\"mailto:enteryour@addresshere.com?subject=Livraison&amp;body=Check%20this%20out:%20https:\/\/naturalook.ca\/fr\/livraison\/\" rel=\"nofollow\" class=\"icon button circle is-outline tooltip email\" title=\"Envoyer par mail\"><i class=\"icon-envelop\" ><\/i><\/a><a href=\"\/\/pinterest.com\/pin\/create\/button\/?url=https:\/\/naturalook.ca\/fr\/livraison\/&amp;media=&amp;description=Livraison\" onclick=\"window.open(this.href,this.title,'width=500,height=500,top=300px,left=300px');  return false;\" rel=\"noopener noreferrer nofollow\" target=\"_blank\" class=\"icon button circle is-outline tooltip pinterest\" title=\"Epingler sur Pinterest\"><i class=\"icon-pinterest\" ><\/i><\/a><\/div>\n<\/div><\/div>\n<\/div>\n<div class=\"container section-title-container\" ><h3 class=\"section-title section-title-center\"><b><\/b><span class=\"section-title-main\" ><i class=\"icon-instagram\" ><\/i>Suivez-nous sur Instagram<\/span><b><\/b><\/h3><\/div><!-- .section-title -->\nInstagram has returned invalid data.\n","protected":false},"excerpt":{"rendered":"<p>&nbsp;<\/p>\n","protected":false},"author":1,"featured_media":0,"parent":0,"menu_order":0,"comment_status":"closed","ping_status":"closed","template":"page-blank.php","meta":[],"_links":{"self":[{"href":"https:\/\/naturalook.ca\/fr\/wp-json\/wp\/v2\/pages\/6135"}],"collection":[{"href":"https:\/\/naturalook.ca\/fr\/wp-json\/wp\/v2\/pages"}],"about":[{"href":"https:\/\/naturalook.ca\/fr\/wp-json\/wp\/v2\/types\/page"}],"author":[{"embeddable":true,"href":"https:\/\/naturalook.ca\/fr\/wp-json\/wp\/v2\/users\/1"}],"replies":[{"embeddable":true,"href":"https:\/\/naturalook.ca\/fr\/wp-json\/wp\/v2\/comments?post=6135"}],"version-history":[{"count":3,"href":"https:\/\/naturalook.ca\/fr\/wp-json\/wp\/v2\/pages\/6135\/revisions"}],"predecessor-version":[{"id":6217,"href":"https:\/\/naturalook.ca\/fr\/wp-json\/wp\/v2\/pages\/6135\/revisions\/6217"}],"wp:attachment":[{"href":"https:\/\/naturalook.ca\/fr\/wp-json\/wp\/v2\/media?parent=6135"}],"curies":[{"name":"wp","href":"https:\/\/api.w.org\/{rel}","templated":true}]}}