{"id":1979,"date":"2015-04-30T18:43:56","date_gmt":"2015-04-30T18:43:56","guid":{"rendered":"http:\/\/sensavie.com\/new\/?page_id=1979"},"modified":"2019-03-07T10:17:20","modified_gmt":"2019-03-07T15:17:20","slug":"temoignage","status":"publish","type":"page","link":"https:\/\/naturalook.ca\/fr\/temoignage\/","title":{"rendered":"T\u00e9moignage"},"content":{"rendered":"<div class=\"slider-wrapper relative\" id=\"slider-1029472403\" >\n    <div class=\"slider slider-nav-circle slider-nav-large slider-nav-light slider-style-normal\"\n        data-flickity-options='{\n            \"cellAlign\": \"center\",\n            \"imagesLoaded\": true,\n            \"lazyLoad\": 1,\n            \"freeScroll\": false,\n            \"wrapAround\": true,\n            \"autoPlay\": 6000,\n            \"pauseAutoPlayOnHover\" : true,\n            \"prevNextButtons\": true,\n            \"contain\" : true,\n            \"adaptiveHeight\" : true,\n            \"dragThreshold\" : 10,\n            \"percentPosition\": true,\n            \"pageDots\": true,\n            \"rightToLeft\": false,\n            \"draggable\": true,\n            \"selectedAttraction\": 0.1,\n            \"parallax\" : 0,\n            \"friction\": 0.6        }'\n        >\n        \n\n  <div class=\"banner has-hover has-parallax\" id=\"banner-1410855168\">\n          <div class=\"banner-inner fill\">\n        <div class=\"banner-bg fill\" data-parallax=\"-5\" data-parallax-container=\".banner\" data-parallax-background>\n            <div class=\"bg fill bg-fill \"><\/div>\n                        <div class=\"overlay\"><\/div>            \n                    <\/div><!-- bg-layers -->\n        <div class=\"banner-layers container\">\n            <div class=\"fill banner-link\"><\/div>            \n   <div id=\"text-box-1355617994\" class=\"text-box banner-layer x50 md-x50 lg-x50 y50 md-y50 lg-y50 res-text\">\n                                <div class=\"text dark\">\n              \n              <div class=\"text-inner text-center\">\n                  \n  <div class=\"icon-box testimonial-box icon-box-left text-left\">\n                <div class=\"icon-box-text p-last-0\">\n          <div class=\"star-rating\"><span style=\"width:100%\"><strong class=\"rating\"><\/strong><\/span><\/div>  \t\t\t\t<div class=\"testimonial-text line-height-small italic test_text first-reset last-reset is-italic\">\n            \n<h3>Extensions de cheveux extraordinaires!<\/h3>\n<p>J&#8217;aime ces cheveux, ces cheveux sont les meilleurs cheveux que j&#8217;ai pos\u00e9e sur mes clients, nous sommes tr\u00e8s satisfaits de la qualit\u00e9 des cheveux, je vais certainement acheter les rallonges chez Naturalook. Recommand\u00e9 100%<\/p>\n          <\/div>\n          <div class=\"testimonial-meta pt-half\">\n             <strong class=\"testimonial-name test_name\">JENNY<\/strong>\n                          <span class=\"testimonial-company test_company\"><\/span>\n          <\/div>\n        <\/div>\n  <\/div><!-- .icon-box -->\n\n  \n              <\/div>\n           <\/div><!-- text-box-inner -->\n                            \n<style scope=\"scope\">\n\n#text-box-1355617994 {\n  width: 71%;\n}\n#text-box-1355617994 .text {\n  font-size: 100%;\n}\n<\/style>\n    <\/div><!-- text-box -->\n \n        <\/div><!-- .banner-layers -->\n      <\/div><!-- .banner-inner -->\n\n            \n<style scope=\"scope\">\n\n#banner-1410855168 {\n  padding-top: 500px;\n}\n#banner-1410855168 .bg.bg-loaded {\n  background-image: url(https:\/\/naturalook.ca\/wp-content\/uploads\/2019\/02\/unsplash10-2-of-5.jpg);\n}\n#banner-1410855168 .overlay {\n  background-color: rgba(39, 44, 50, 0.71);\n}\n#banner-1410855168 .bg {\n  background-position: 63% 20%;\n}\n<\/style>\n  <\/div><!-- .banner -->\n\n\n\n  <div class=\"banner has-hover has-parallax\" id=\"banner-1257288703\">\n          <div class=\"banner-inner fill\">\n        <div class=\"banner-bg fill\" data-parallax=\"-5\" data-parallax-container=\".banner\" data-parallax-background>\n            <div class=\"bg fill bg-fill \"><\/div>\n                        <div class=\"overlay\"><\/div>            \n                    <\/div><!-- bg-layers -->\n        <div class=\"banner-layers container\">\n            <div class=\"fill banner-link\"><\/div>            \n   <div id=\"text-box-2039602178\" class=\"text-box banner-layer x50 md-x50 lg-x50 y50 md-y50 lg-y50 res-text\">\n                                <div class=\"text dark\">\n              \n              <div class=\"text-inner text-center\">\n                  \n  <div class=\"icon-box testimonial-box icon-box-left text-left\">\n                <div class=\"icon-box-text p-last-0\">\n          <div class=\"star-rating\"><span style=\"width:100%\"><strong class=\"rating\"><\/strong><\/span><\/div>  \t\t\t\t<div class=\"testimonial-text line-height-small italic test_text first-reset last-reset is-italic\">\n            \n<h3>Service excellent!<\/h3>\n<p>Exp\u00e9dition tr\u00e8s rapide en Ontario. Meilleur qualit\u00e9. J&#8217;ach\u00e8te toujours des cheveux chez Naturalook, en raison de la qualit\u00e9 \u00e9lev\u00e9e de leurs cheveux et de leur bonne communication. Tr\u00e8s agr\u00e9able. Merci!<\/p>\n          <\/div>\n          <div class=\"testimonial-meta pt-half\">\n             <strong class=\"testimonial-name test_name\">LUCY<\/strong>\n                          <span class=\"testimonial-company test_company\"><\/span>\n          <\/div>\n        <\/div>\n  <\/div><!-- .icon-box -->\n\n  \n              <\/div>\n           <\/div><!-- text-box-inner -->\n                            \n<style scope=\"scope\">\n\n#text-box-2039602178 {\n  width: 72%;\n}\n#text-box-2039602178 .text {\n  font-size: 100%;\n}\n<\/style>\n    <\/div><!-- text-box -->\n \n        <\/div><!-- .banner-layers -->\n      <\/div><!-- .banner-inner -->\n\n            \n<style scope=\"scope\">\n\n#banner-1257288703 {\n  padding-top: 500px;\n}\n#banner-1257288703 .bg.bg-loaded {\n  background-image: url(https:\/\/naturalook.ca\/wp-content\/uploads\/2019\/02\/unsplash9-10-of-12.jpg);\n}\n#banner-1257288703 .overlay {\n  background-color: rgba(39, 44, 50, 0.72);\n}\n#banner-1257288703 .bg {\n  background-position: 60% 45%;\n}\n<\/style>\n  <\/div><!-- .banner -->\n\n\n\n  <div class=\"banner has-hover has-parallax\" id=\"banner-1382551239\">\n          <div class=\"banner-inner fill\">\n        <div class=\"banner-bg fill\" data-parallax=\"-5\" data-parallax-container=\".banner\" data-parallax-background>\n            <div class=\"bg fill bg-fill \"><\/div>\n                        <div class=\"overlay\"><\/div>            \n                    <\/div><!-- bg-layers -->\n        <div class=\"banner-layers container\">\n            <div class=\"fill banner-link\"><\/div>            \n   <div id=\"text-box-1266828653\" class=\"text-box banner-layer x50 md-x50 lg-x50 y50 md-y50 lg-y50 res-text\">\n                                <div class=\"text dark\">\n              \n              <div class=\"text-inner text-center\">\n                  \n  <div class=\"icon-box testimonial-box icon-box-left text-left\">\n                <div class=\"icon-box-text p-last-0\">\n          <div class=\"star-rating\"><span style=\"width:100%\"><strong class=\"rating\"><\/strong><\/span><\/div>  \t\t\t\t<div class=\"testimonial-text line-height-small italic test_text first-reset last-reset is-italic\">\n            \n<h3>J\u2019adore !!!! <\/h3>\n<p>J\u2019ai d\u00e9couvert Rallonges Naturalook il y a quelques mois et c\u2019est magnifique . Toute mes clientes dans mon salon sont super contente<\/p>\n          <\/div>\n          <div class=\"testimonial-meta pt-half\">\n             <strong class=\"testimonial-name test_name\">KARINE<\/strong>\n                          <span class=\"testimonial-company test_company\"><\/span>\n          <\/div>\n        <\/div>\n  <\/div><!-- .icon-box -->\n\n  \n              <\/div>\n           <\/div><!-- text-box-inner -->\n                            \n<style scope=\"scope\">\n\n#text-box-1266828653 {\n  width: 71%;\n}\n#text-box-1266828653 .text {\n  font-size: 100%;\n}\n<\/style>\n    <\/div><!-- text-box -->\n \n        <\/div><!-- .banner-layers -->\n      <\/div><!-- .banner-inner -->\n\n            \n<style scope=\"scope\">\n\n#banner-1382551239 {\n  padding-top: 500px;\n}\n#banner-1382551239 .bg.bg-loaded {\n  background-image: url(https:\/\/naturalook.ca\/wp-content\/uploads\/2019\/02\/shop-13-of-39.jpg);\n}\n#banner-1382551239 .overlay {\n  background-color: rgba(39, 44, 50, 0.79);\n}\n#banner-1382551239 .bg {\n  background-position: 63% 20%;\n}\n<\/style>\n  <\/div><!-- .banner -->\n\n\n     <\/div>\n\n     <div class=\"loading-spin dark large centered\"><\/div>\n\n     <style scope=\"scope\">\n             <\/style>\n<\/div><!-- .ux-slider-wrapper -->\n\n\n<div class=\"container section-title-container\" ><h3 class=\"section-title section-title-center\"><b><\/b><span class=\"section-title-main\" >Ce que les Autres disent de Nous<\/span><b><\/b><\/h3><\/div><!-- .section-title -->\n<div class=\"row\"  id=\"row-1310086824\">\n<div class=\"col small-12 large-12\"  ><div class=\"col-inner\"  >\n<div class=\"glsr glsr-default\" id=\"glsr_877f94e0\" data-shortcode='site_reviews_summary' data-hide='if_empty' data-id='glsr_877f94e0' data-schema='1'><div class=\"glsr-summary-wrap\">\n    <div class=\"glsr-summary\">\n        <div class=\"glsr-summary-rating\"><span class=\"glsr-tag-value\">5<\/span><\/div>\n        <div class=\"glsr-summary-stars\"><div class=\"glsr-star-rating glsr-stars\" data-rating=\"5\">\n    <span class=\"screen-reader-text\">Rated <strong>5<\/strong> out of 5<\/span>\n    <span class=\"glsr-star glsr-star-full\" aria-hidden=\"true\"><\/span><span class=\"glsr-star glsr-star-full\" aria-hidden=\"true\"><\/span><span class=\"glsr-star glsr-star-full\" aria-hidden=\"true\"><\/span><span class=\"glsr-star glsr-star-full\" aria-hidden=\"true\"><\/span><span class=\"glsr-star glsr-star-full\" aria-hidden=\"true\"><\/span>\n<\/div><\/div>\n        <div class=\"glsr-summary-text\"><span class=\"glsr-tag-value\">5 out of 5 stars (based on 6 reviews)<\/span><\/div>\n        <div class=\"glsr-summary-percentages\"><div class=\"glsr-bar\" data-level='5'><span class=\"glsr-bar-label\">Excellent<\/span><span class=\"glsr-bar-background\"><span class=\"glsr-bar-background-percent\" style=\"width:100%\"><\/span><\/span><span class=\"glsr-bar-percent\">100%<\/span><\/div><div class=\"glsr-bar\" data-level='4'><span class=\"glsr-bar-label\">Very good<\/span><span class=\"glsr-bar-background\"><span class=\"glsr-bar-background-percent\" style=\"width:0%\"><\/span><\/span><span class=\"glsr-bar-percent\">0%<\/span><\/div><div class=\"glsr-bar\" data-level='3'><span class=\"glsr-bar-label\">Average<\/span><span class=\"glsr-bar-background\"><span class=\"glsr-bar-background-percent\" style=\"width:0%\"><\/span><\/span><span class=\"glsr-bar-percent\">0%<\/span><\/div><div class=\"glsr-bar\" data-level='2'><span class=\"glsr-bar-label\">Poor<\/span><span class=\"glsr-bar-background\"><span class=\"glsr-bar-background-percent\" style=\"width:0%\"><\/span><\/span><span class=\"glsr-bar-percent\">0%<\/span><\/div><div class=\"glsr-bar\" data-level='1'><span class=\"glsr-bar-label\">Terrible<\/span><span class=\"glsr-bar-background\"><span class=\"glsr-bar-background-percent\" style=\"width:0%\"><\/span><\/span><span class=\"glsr-bar-percent\">0%<\/span><\/div><\/div>\n    <\/div>\n<\/div><\/div>\n<\/br\/><br \/>\n<div class=\"glsr glsr-default\" id=\"jsmo79rz\" data-shortcode='site_reviews' data-hide='[&quot;title&quot;,&quot;date&quot;]' data-id='jsmo79rz' data-pagination='ajax' data-rating='5' data-schema='1'><div class=\"glsr-reviews-wrap\">\n    <div class=\"glsr-reviews\">\n        <div class=\"glsr-review\" data-type=\"local\" id=\"review-5444\" data-assigned='{\"assigned_posts\":[1675]}'>\n    \n    <div class=\"glsr-review-rating\"><div class=\"glsr-star-rating glsr-stars\" data-rating=\"5\">\n    <span class=\"screen-reader-text\">Rated <strong>5<\/strong> out of 5<\/span>\n    <span class=\"glsr-star glsr-star-full\" aria-hidden=\"true\"><\/span><span class=\"glsr-star glsr-star-full\" aria-hidden=\"true\"><\/span><span class=\"glsr-star glsr-star-full\" aria-hidden=\"true\"><\/span><span class=\"glsr-star glsr-star-full\" aria-hidden=\"true\"><\/span><span class=\"glsr-star glsr-star-full\" aria-hidden=\"true\"><\/span>\n<\/div><\/div> \n    \n    <div class=\"glsr-review-content\"><div class=\"glsr-tag-value\" data-expanded='false'><p>Best quality !!!! My clients are really happy.<\/p><\/div><\/div>\n     <div class=\"glsr-review-author\"><span class=\"glsr-tag-value\">Anna<\/span><\/div> \n    \n<\/div>\n<div class=\"glsr-review\" data-type=\"local\" id=\"review-5413\" data-assigned='{\"assigned_posts\":[1696]}'>\n    \n    <div class=\"glsr-review-rating\"><div class=\"glsr-star-rating glsr-stars\" data-rating=\"5\">\n    <span class=\"screen-reader-text\">Rated <strong>5<\/strong> out of 5<\/span>\n    <span class=\"glsr-star glsr-star-full\" aria-hidden=\"true\"><\/span><span class=\"glsr-star glsr-star-full\" aria-hidden=\"true\"><\/span><span class=\"glsr-star glsr-star-full\" aria-hidden=\"true\"><\/span><span class=\"glsr-star glsr-star-full\" aria-hidden=\"true\"><\/span><span class=\"glsr-star glsr-star-full\" aria-hidden=\"true\"><\/span>\n<\/div><\/div> \n    \n    <div class=\"glsr-review-content\"><div class=\"glsr-tag-value\" data-expanded='false'><p>I had a training with Roushania 2 weeks ago, I\u2019ve never enjoyed learning anything so much in my life!! It was the best experience with someone who really knows her business. Huge recommendation from me!. Thank you.<\/p><\/div><\/div>\n     <div class=\"glsr-review-author\"><span class=\"glsr-tag-value\">Amy<\/span><\/div> \n    \n<\/div>\n<div class=\"glsr-review\" data-type=\"local\" id=\"review-5412\" data-assigned='{\"assigned_posts\":[1696]}'>\n    \n    <div class=\"glsr-review-rating\"><div class=\"glsr-star-rating glsr-stars\" data-rating=\"5\">\n    <span class=\"screen-reader-text\">Rated <strong>5<\/strong> out of 5<\/span>\n    <span class=\"glsr-star glsr-star-full\" aria-hidden=\"true\"><\/span><span class=\"glsr-star glsr-star-full\" aria-hidden=\"true\"><\/span><span class=\"glsr-star glsr-star-full\" aria-hidden=\"true\"><\/span><span class=\"glsr-star glsr-star-full\" aria-hidden=\"true\"><\/span><span class=\"glsr-star glsr-star-full\" aria-hidden=\"true\"><\/span>\n<\/div><\/div> \n    \n    <div class=\"glsr-review-content\"><div class=\"glsr-tag-value\" data-expanded='false'><p class=\"glsr-hidden-text\" data-show-less='Show less' data-show-more='Show more' data-trigger='expand'>After 2 days of my full course hair extensions at Naturalook, I want to leave a review about my experience.It\u2019s a full course and it starts with introduction to color and quality of the extensions, here you learn the basic application of pre bonded hair extensions and how to re bond the same hair extensions<span class=\"glsr-hidden\"> after 2-6 months of use. A teacher, her name is Roushana, explains everything in details, and always make sure you understand the process. In the morning we learned mostly a theory, and in the afternoon we had a practical session where we practiced on false model heads all types of extensions, and also practiced how to cut the extensions and give them natural effect. So although you don&#8217;t have to be a fully trained hairdresser, because hair cut for extensions is different from regular haircut. At the end you gain a certificate and a kit with all you needed tools. I\u2019m happy that I chose this salon, since the quality of extensions are great and the teacher is professional, and also we had a great time. I would recommend you, thanks.<\/span><\/p><\/div><\/div>\n     <div class=\"glsr-review-author\"><span class=\"glsr-tag-value\">Anonymous<\/span><\/div> \n    \n<\/div>\n<div class=\"glsr-review\" data-type=\"local\" id=\"review-5411\" data-assigned='{\"assigned_posts\":[1696]}'>\n    \n    <div class=\"glsr-review-rating\"><div class=\"glsr-star-rating glsr-stars\" data-rating=\"5\">\n    <span class=\"screen-reader-text\">Rated <strong>5<\/strong> out of 5<\/span>\n    <span class=\"glsr-star glsr-star-full\" aria-hidden=\"true\"><\/span><span class=\"glsr-star glsr-star-full\" aria-hidden=\"true\"><\/span><span class=\"glsr-star glsr-star-full\" aria-hidden=\"true\"><\/span><span class=\"glsr-star glsr-star-full\" aria-hidden=\"true\"><\/span><span class=\"glsr-star glsr-star-full\" aria-hidden=\"true\"><\/span>\n<\/div><\/div> \n    \n    <div class=\"glsr-review-content\"><div class=\"glsr-tag-value\" data-expanded='false'><p class=\"glsr-hidden-text\" data-show-less='Show less' data-show-more='Show more' data-trigger='expand'>I have trained with 2 different salons and would recommend Naturallok. They aren&#8217;t new to the training market and have a great theory part and a lots of practice during the 2 days of course (since that\u2019s not my first training course and I can compare). They have a great attitude, lovely products<span class=\"glsr-hidden\"> and excellent customer service too. I would highly recommend them.<\/span><\/p>\n<p class=\"glsr-hidden\">Also you can train on a real person, whereas with other salons and teachers you train on a plastic training head ONLY which is nothing like doing the real thing.<\/p><\/div><\/div>\n     <div class=\"glsr-review-author\"><span class=\"glsr-tag-value\">Valerie<\/span><\/div> \n    \n<\/div>\n<div class=\"glsr-review\" data-type=\"local\" id=\"review-5410\" data-assigned='{\"assigned_posts\":[1696]}'>\n    \n    <div class=\"glsr-review-rating\"><div class=\"glsr-star-rating glsr-stars\" data-rating=\"5\">\n    <span class=\"screen-reader-text\">Rated <strong>5<\/strong> out of 5<\/span>\n    <span class=\"glsr-star glsr-star-full\" aria-hidden=\"true\"><\/span><span class=\"glsr-star glsr-star-full\" aria-hidden=\"true\"><\/span><span class=\"glsr-star glsr-star-full\" aria-hidden=\"true\"><\/span><span class=\"glsr-star glsr-star-full\" aria-hidden=\"true\"><\/span><span class=\"glsr-star glsr-star-full\" aria-hidden=\"true\"><\/span>\n<\/div><\/div> \n    \n    <div class=\"glsr-review-content\"><div class=\"glsr-tag-value\" data-expanded='false'><p>I completed my 2 day courses am now a fully qualified ring\/micro, tape and hot fusion bond extentionist!:) I had an amazing time, very helpful and professional training. Cannot wait to start my new career. Thanks.<\/p><\/div><\/div>\n     <div class=\"glsr-review-author\"><span class=\"glsr-tag-value\">veronica<\/span><\/div> \n    \n<\/div>\n    <\/div>\n    <div class=\"glsr-pagination glsr-ajax-pagination\" data-hide='[&quot;title&quot;,&quot;date&quot;]' data-id='jsmo79rz' data-pagination='ajax' data-rating='5' data-schema='1'><div class=\"pagination\">\n    <nav class=\"navigation\" role=\"navigation\">\n        <h2 class=\"screen-reader-text\">Site Reviews navigation<\/h2>\n        <div class=\"nav-links\">\n            <span class=\"page-numbers current\" aria-current=\"page\" data-page='1'><span class=\"meta-nav screen-reader-text\">Page <\/span>1<\/span>\n<a class=\"page-numbers\" data-page='2' href=\"https:\/\/naturalook.ca\/fr\/temoignage\/?reviews-page=2\"><span class=\"meta-nav screen-reader-text\">Page <\/span>2<\/a>\n<a class=\"page-numbers next\" data-page='2' href=\"https:\/\/naturalook.ca\/fr\/temoignage\/?reviews-page=2\">Next<\/a>\n        <\/div>\n    <\/nav>\n<\/div><\/div>\n<\/div><\/div>\n<\/div><\/div>\n<\/div>\n<div class=\"container section-title-container\" ><h3 class=\"section-title section-title-center\"><b><\/b><span class=\"section-title-main\" ><i class=\"icon-instagram\" ><\/i>Suivez-nous sur Instagram<\/span><b><\/b><\/h3><\/div><!-- .section-title -->\nInstagram has returned invalid data.\n","protected":false},"excerpt":{"rendered":"","protected":false},"author":1,"featured_media":0,"parent":0,"menu_order":0,"comment_status":"closed","ping_status":"closed","template":"page-blank.php","meta":[],"_links":{"self":[{"href":"https:\/\/naturalook.ca\/fr\/wp-json\/wp\/v2\/pages\/1979"}],"collection":[{"href":"https:\/\/naturalook.ca\/fr\/wp-json\/wp\/v2\/pages"}],"about":[{"href":"https:\/\/naturalook.ca\/fr\/wp-json\/wp\/v2\/types\/page"}],"author":[{"embeddable":true,"href":"https:\/\/naturalook.ca\/fr\/wp-json\/wp\/v2\/users\/1"}],"replies":[{"embeddable":true,"href":"https:\/\/naturalook.ca\/fr\/wp-json\/wp\/v2\/comments?post=1979"}],"version-history":[{"count":18,"href":"https:\/\/naturalook.ca\/fr\/wp-json\/wp\/v2\/pages\/1979\/revisions"}],"predecessor-version":[{"id":5925,"href":"https:\/\/naturalook.ca\/fr\/wp-json\/wp\/v2\/pages\/1979\/revisions\/5925"}],"wp:attachment":[{"href":"https:\/\/naturalook.ca\/fr\/wp-json\/wp\/v2\/media?parent=1979"}],"curies":[{"name":"wp","href":"https:\/\/api.w.org\/{rel}","templated":true}]}}